{"id":7312,"date":"2018-10-12T18:03:14","date_gmt":"2018-10-12T18:03:14","guid":{"rendered":"https:\/\/lucilebousquet.com\/FR\/?page_id=7312"},"modified":"2024-03-04T13:20:15","modified_gmt":"2024-03-04T12:20:15","slug":"contact","status":"publish","type":"page","link":"https:\/\/lucilebousquet.com\/FR\/contact\/","title":{"rendered":"Contact"},"content":{"rendered":"<p>[vc_row bg_type=\u00a0\u00bbimage\u00a0\u00bb bg_image=\u00a0\u00bb7023&Prime; bg_image_type=\u00a0\u00bbfixed-bg\u00a0\u00bb font_color=\u00a0\u00bb#03224c\u00a0\u00bb section_id=\u00a0\u00bbcontact\u00a0\u00bb][vc_column css=\u00a0\u00bb.vc_custom_1539370168339{margin-right: 0px !important;margin-bottom: 30px !important;padding-top: 0px !important;padding-right: 6% !important;padding-bottom: 5px !important;padding-left: 6% !important;}\u00a0\u00bb]<div class=\"grve-element grve-slogan grve-align-center\" style=\"\"><h1 class=\"grve-slogan-title grve-align-center grve-title-no-line\"><span>Comment puis-je vous aider?<\/span><\/h1>  <p class=\"\"><\/p><\/div>[vc_column_text]<span style=\"font-size: larger;\">N&rsquo;h\u00e9sitez \u00e0 me contacter pour discuter de vos besoins linguistiques ou demander un devis gratuit et sans engagement. Veuillez fournir le(s) document(s) \u00e0 traduire si possible pour que je puisse les analyser. T\u00e2chez aussi d&rsquo;\u00eatre le sp\u00e9cifique possible sur le service recherch\u00e9, le type de texte, le nombre de mots, l&rsquo;industrie et le public vis\u00e9.<\/span>[\/vc_column_text][vc_column_text]<\/p>\n<h5><a href=\"mailto:info@lucilebousquet.com\"><img loading=\"lazy\" decoding=\"async\" class=\"alignnone wp-image-7574\" src=\"https:\/\/lucilebousquet.com\/FR\/wp-content\/uploads\/2018\/10\/mail-rondure_318-28235-298x300.png\" alt=\"\" width=\"34\" height=\"34\" srcset=\"https:\/\/lucilebousquet.com\/FR\/wp-content\/uploads\/2018\/10\/mail-rondure_318-28235-298x300.png 298w, https:\/\/lucilebousquet.com\/FR\/wp-content\/uploads\/2018\/10\/mail-rondure_318-28235-150x150.png 150w, https:\/\/lucilebousquet.com\/FR\/wp-content\/uploads\/2018\/10\/mail-rondure_318-28235-80x80.png 80w, https:\/\/lucilebousquet.com\/FR\/wp-content\/uploads\/2018\/10\/mail-rondure_318-28235-560x560.png 560w, https:\/\/lucilebousquet.com\/FR\/wp-content\/uploads\/2018\/10\/mail-rondure_318-28235.png 636w\" sizes=\"(max-width: 34px) 100vw, 34px\" \/><\/a> Courriel : <a href=\"mailto:info@lucilebousquet.com\">info@lucilebousquet.com\u00a0<\/a><\/h5>\n<h5><a href=\"tel:5149297516\"><img loading=\"lazy\" decoding=\"async\" class=\"alignnone wp-image-7265\" src=\"https:\/\/lucilebousquet.com\/FR\/wp-content\/uploads\/2018\/10\/wassap.png\" alt=\"\" width=\"32\" height=\"32\" srcset=\"https:\/\/lucilebousquet.com\/FR\/wp-content\/uploads\/2018\/10\/wassap.png 225w, https:\/\/lucilebousquet.com\/FR\/wp-content\/uploads\/2018\/10\/wassap-150x150.png 150w, https:\/\/lucilebousquet.com\/FR\/wp-content\/uploads\/2018\/10\/wassap-80x80.png 80w\" sizes=\"(max-width: 32px) 100vw, 32px\" \/><\/a>\u00a0 T\u00e9l\u00e9phone ou Whatsapp : <strong><a href=\"tel:5149297516\">+33 6 19 88 11<\/a><\/strong><\/h5>\n<h5><img loading=\"lazy\" decoding=\"async\" class=\"alignnone wp-image-7269\" src=\"https:\/\/lucilebousquet.com\/FR\/wp-content\/uploads\/2018\/10\/Skype-icon-new-300x300.png\" alt=\"\" width=\"32\" height=\"32\" srcset=\"https:\/\/lucilebousquet.com\/FR\/wp-content\/uploads\/2018\/10\/Skype-icon-new-300x300.png 300w, https:\/\/lucilebousquet.com\/FR\/wp-content\/uploads\/2018\/10\/Skype-icon-new-150x150.png 150w, https:\/\/lucilebousquet.com\/FR\/wp-content\/uploads\/2018\/10\/Skype-icon-new-80x80.png 80w, https:\/\/lucilebousquet.com\/FR\/wp-content\/uploads\/2018\/10\/Skype-icon-new.png 400w\" sizes=\"(max-width: 32px) 100vw, 32px\" \/>\u00a0 Skype : <span style=\"color: #ff9900;\"><strong>luciola3<\/strong><\/span><\/h5>\n<h5><a href=\"https:\/\/ca.linkedin.com\/in\/lucilebousquet\"><img loading=\"lazy\" decoding=\"async\" class=\"alignnone wp-image-7280\" src=\"https:\/\/lucilebousquet.com\/FR\/wp-content\/uploads\/2018\/10\/square-linkedin-512-300x300.png\" alt=\"\" width=\"32\" height=\"32\" srcset=\"https:\/\/lucilebousquet.com\/FR\/wp-content\/uploads\/2018\/10\/square-linkedin-512-300x300.png 300w, https:\/\/lucilebousquet.com\/FR\/wp-content\/uploads\/2018\/10\/square-linkedin-512-150x150.png 150w, https:\/\/lucilebousquet.com\/FR\/wp-content\/uploads\/2018\/10\/square-linkedin-512-80x80.png 80w, https:\/\/lucilebousquet.com\/FR\/wp-content\/uploads\/2018\/10\/square-linkedin-512.png 512w\" sizes=\"(max-width: 32px) 100vw, 32px\" \/><\/a>\u00a0 <strong><a href=\"https:\/\/ca.linkedin.com\/in\/lucilebousquet\">Linkedin<\/a><\/strong><\/h5>\n<h5><a href=\"https:\/\/www.proz.com\/translator\/1784845\"><img loading=\"lazy\" decoding=\"async\" class=\"alignnone wp-image-7284\" src=\"https:\/\/lucilebousquet.com\/FR\/wp-content\/uploads\/2018\/10\/16a8d1c630ebe5a2d1899b32107faac3_ProZ.com_round_logo-300x300.png\" alt=\"\" width=\"34\" height=\"34\" srcset=\"https:\/\/lucilebousquet.com\/FR\/wp-content\/uploads\/2018\/10\/16a8d1c630ebe5a2d1899b32107faac3_ProZ.com_round_logo-300x300.png 300w, https:\/\/lucilebousquet.com\/FR\/wp-content\/uploads\/2018\/10\/16a8d1c630ebe5a2d1899b32107faac3_ProZ.com_round_logo-150x150.png 150w, https:\/\/lucilebousquet.com\/FR\/wp-content\/uploads\/2018\/10\/16a8d1c630ebe5a2d1899b32107faac3_ProZ.com_round_logo-80x80.png 80w, https:\/\/lucilebousquet.com\/FR\/wp-content\/uploads\/2018\/10\/16a8d1c630ebe5a2d1899b32107faac3_ProZ.com_round_logo.png 512w\" sizes=\"(max-width: 34px) 100vw, 34px\" \/><\/a>\u00a0\u00a0<a href=\"https:\/\/www.proz.com\/translator\/1784845\"><strong>ProZ<\/strong><\/a><\/h5>\n<h1><\/h1>\n<p>Vous pouvez aussi utiliser le champ ci-dessous :[\/vc_column_text]<div role=\"form\" class=\"wpcf7\" id=\"wpcf7-f542-o1\" lang=\"en-US\" dir=\"ltr\">\n<div class=\"screen-reader-response\"><\/div>\n<form action=\"\/FR\/wp-json\/wp\/v2\/pages\/7312#wpcf7-f542-o1\" method=\"post\" class=\"wpcf7-form\" enctype=\"multipart\/form-data\" novalidate=\"novalidate\">\n<div style=\"display: none;\">\n<input type=\"hidden\" name=\"_wpcf7\" value=\"542\" \/>\n<input type=\"hidden\" name=\"_wpcf7_version\" value=\"5.0.4\" \/>\n<input type=\"hidden\" name=\"_wpcf7_locale\" value=\"en_US\" \/>\n<input type=\"hidden\" name=\"_wpcf7_unit_tag\" value=\"wpcf7-f542-o1\" \/>\n<input type=\"hidden\" name=\"_wpcf7_container_post\" value=\"0\" \/>\n<\/div>\n<p>Nom (requis)    <span class=\"wpcf7-form-control-wrap your-name\"><input type=\"text\" name=\"your-name\" value=\"\" size=\"40\" class=\"wpcf7-form-control wpcf7-text wpcf7-validates-as-required\" aria-required=\"true\" aria-invalid=\"false\" \/><\/span> <\/p>\n<p>Courriel (requis)    <span class=\"wpcf7-form-control-wrap your-email\"><input type=\"email\" name=\"your-email\" value=\"\" size=\"40\" class=\"wpcf7-form-control wpcf7-text wpcf7-email wpcf7-validates-as-required wpcf7-validates-as-email\" aria-required=\"true\" aria-invalid=\"false\" \/><\/span> <\/p>\n<p>T\u00e9l\u00e9phone <span class=\"wpcf7-form-control-wrap tel-182\"><input type=\"tel\" name=\"tel-182\" value=\"\" size=\"40\" class=\"wpcf7-form-control wpcf7-text wpcf7-tel wpcf7-validates-as-tel\" aria-invalid=\"false\" \/><\/span><\/p>\n<p>Sujet    <span class=\"wpcf7-form-control-wrap your-subject\"><input type=\"text\" name=\"your-subject\" value=\"\" size=\"40\" class=\"wpcf7-form-control wpcf7-text\" aria-invalid=\"false\" \/><\/span> <\/p>\n<p>Message    <span class=\"wpcf7-form-control-wrap your-message\"><textarea name=\"your-message\" cols=\"40\" rows=\"10\" class=\"wpcf7-form-control wpcf7-textarea\" aria-invalid=\"false\"><\/textarea><\/span> <\/p>\n<p><input type=\"submit\" value=\"Envoyer\" class=\"wpcf7-form-control wpcf7-submit\" \/><\/p>\n<p><span class=\"wpcf7-form-control-wrap file-413\"><input type=\"file\" name=\"file-413\" size=\"40\" class=\"wpcf7-form-control wpcf7-file\" accept=\".jpg,.jpeg,.png,.gif,.pdf,.doc,.docx,.ppt,.pptx,.odt,.avi,.ogg,.m4a,.mov,.mp3,.mp4,.mpg,.wav,.wmv\" aria-invalid=\"false\" \/><\/span><\/p>\n<div class=\"wpcf7-response-output wpcf7-display-none\"><\/div><\/form><\/div>[\/vc_column][\/vc_row][vc_row][vc_column][vc_media_grid grid_id=\u00a0\u00bbvc_gid:1709554693475-d00a6ac11c3396f6d1ee9081dadc77d1-10&Prime; include=\u00a0\u00bb7669,7668,7671&Prime;][\/vc_column][\/vc_row][vc_row][vc_column][\/vc_column][\/vc_row]<\/p>\n","protected":false},"excerpt":{"rendered":"<p>[vc_row bg_type=\u00a0\u00bbimage\u00a0\u00bb bg_image=\u00a0\u00bb7023&Prime; bg_image_type=\u00a0\u00bbfixed-bg\u00a0\u00bb font_color=\u00a0\u00bb#03224c\u00a0\u00bb section_id=\u00a0\u00bbcontact\u00a0\u00bb][vc_column css=\u00a0\u00bb.vc_custom_1539370168339{margin-right: 0px !important;margin-bottom: 30px !important;padding-top: 0px !important;padding-right: 6% !important;padding-bottom: 5px !important;padding-left: 6% !important;}\u00a0\u00bb][vc_column_text]N&rsquo;h\u00e9sitez \u00e0 me contacter pour discuter de vos besoins linguistiques ou demander un devis gratuit et sans engagement. Veuillez fournir le(s) document(s) \u00e0 traduire si possible pour que je puisse les analyser. T\u00e2chez aussi d&rsquo;\u00eatre le sp\u00e9cifique [&hellip;]<\/p>\n","protected":false},"author":1,"featured_media":0,"parent":0,"menu_order":0,"comment_status":"open","ping_status":"open","template":"","meta":{"footnotes":""},"_links":{"self":[{"href":"https:\/\/lucilebousquet.com\/FR\/wp-json\/wp\/v2\/pages\/7312"}],"collection":[{"href":"https:\/\/lucilebousquet.com\/FR\/wp-json\/wp\/v2\/pages"}],"about":[{"href":"https:\/\/lucilebousquet.com\/FR\/wp-json\/wp\/v2\/types\/page"}],"author":[{"embeddable":true,"href":"https:\/\/lucilebousquet.com\/FR\/wp-json\/wp\/v2\/users\/1"}],"replies":[{"embeddable":true,"href":"https:\/\/lucilebousquet.com\/FR\/wp-json\/wp\/v2\/comments?post=7312"}],"version-history":[{"count":19,"href":"https:\/\/lucilebousquet.com\/FR\/wp-json\/wp\/v2\/pages\/7312\/revisions"}],"predecessor-version":[{"id":7700,"href":"https:\/\/lucilebousquet.com\/FR\/wp-json\/wp\/v2\/pages\/7312\/revisions\/7700"}],"wp:attachment":[{"href":"https:\/\/lucilebousquet.com\/FR\/wp-json\/wp\/v2\/media?parent=7312"}],"curies":[{"name":"wp","href":"https:\/\/api.w.org\/{rel}","templated":true}]}}